{"id":927,"date":"2023-03-26T12:27:57","date_gmt":"2023-03-26T12:27:57","guid":{"rendered":"https:\/\/xerpastudio.com\/?page_id=927"},"modified":"2023-03-26T13:05:38","modified_gmt":"2023-03-26T13:05:38","slug":"politica-de-cookies","status":"publish","type":"page","link":"https:\/\/xerpastudio.com\/cat\/politica-de-cookies\/","title":{"rendered":"POLITICA DE COOKIES"},"content":{"rendered":"<div data-elementor-type=\"wp-page\" data-elementor-id=\"927\" class=\"elementor elementor-927\" data-elementor-post-type=\"page\">\n\t\t\t\t\t\t<section class=\"elementor-section elementor-top-section elementor-element elementor-element-91bf274 elementor-section-boxed elementor-section-height-default elementor-section-height-default\" data-id=\"91bf274\" data-element_type=\"section\" data-e-type=\"section\">\n\t\t\t\t\t\t<div class=\"elementor-container elementor-column-gap-default\">\n\t\t\t\t\t<div class=\"elementor-column elementor-col-100 elementor-top-column elementor-element elementor-element-82b67a8\" data-id=\"82b67a8\" data-element_type=\"column\" data-e-type=\"column\">\n\t\t\t<div class=\"elementor-widget-wrap elementor-element-populated\">\n\t\t\t\t\t\t<div class=\"elementor-element elementor-element-cdad031 elementor-widget elementor-widget-spacer\" data-id=\"cdad031\" data-element_type=\"widget\" data-e-type=\"widget\" data-widget_type=\"spacer.default\">\n\t\t\t\t<div class=\"elementor-widget-container\">\n\t\t\t\t\t\t\t<div class=\"elementor-spacer\">\n\t\t\t<div class=\"elementor-spacer-inner\"><\/div>\n\t\t<\/div>\n\t\t\t\t\t\t<\/div>\n\t\t\t\t<\/div>\n\t\t\t\t<div class=\"elementor-element elementor-element-9ddb7f9 elementor-widget elementor-widget-heading\" data-id=\"9ddb7f9\" data-element_type=\"widget\" data-e-type=\"widget\" data-widget_type=\"heading.default\">\n\t\t\t\t<div class=\"elementor-widget-container\">\n\t\t\t\t\t<h2 class=\"elementor-heading-title elementor-size-default\">Pol\u00edtica de Cookies de XERPA STUDIO SL<\/h2>\t\t\t\t<\/div>\n\t\t\t\t<\/div>\n\t\t\t\t<div class=\"elementor-element elementor-element-fb7a438 elementor-widget elementor-widget-text-editor\" data-id=\"fb7a438\" data-element_type=\"widget\" data-e-type=\"widget\" data-widget_type=\"text-editor.default\">\n\t\t\t\t<div class=\"elementor-widget-container\">\n\t\t\t\t\t\t\t\t\t<p><span style=\"font-weight: 400;\">A XERPA STUDIO SL estem compromesos amb la privadesa i la seguretat dels nostres clients i usuaris en l\u00ednia. En aquesta pol\u00edtica de cookies, expliquem com utilitzem les cookies i altres tecnologies similars al nostre lloc web www.xerpastudio.com (d'ara endavant, \"el Lloc\") i com els usuaris poden controlar l'\u00fas de les cookies. <\/span><a href=\"https:\/\/xerpastudio.com\/cat\/\"><span style=\"font-weight: 400;\">www.xerpastudio.com<\/span><\/a><span style=\"font-weight: 400;\"> (en adelante, \u00abel Sitio\u00bb) y c\u00f3mo los usuarios pueden controlar el uso de cookies.<\/span><\/p><p><b>Qu\u00e8 s\u00f3n les cookies?<\/b><\/p><p><span style=\"font-weight: 400;\">Les cookies s\u00f3n petits arxius de text que es descarreguen al vostre ordinador, tel\u00e8fon m\u00f2bil o tauleta quan visiteu un lloc web. Les cookies s'utilitzen per millorar la seva experi\u00e8ncia en l\u00ednia, recordar les seves prefer\u00e8ncies, permetre navegar pel lloc de manera eficient i proporcionar informaci\u00f3 sobre l'\u00fas del lloc als propietaris del lloc web.<\/span><\/p><p><b>Com fem servir les cookies?<\/b><\/p><p><span style=\"font-weight: 400;\">Utilitzem cookies i tecnologies similars per als seg\u00fcents prop\u00f2sits al nostre lloc web:<\/span><\/p><ul><li style=\"font-weight: 400;\" aria-level=\"1\"><span style=\"font-weight: 400;\">Millorar la funcionalitat del lloc: utilitzem cookies per recordar les seves prefer\u00e8ncies, com l'idioma que heu seleccionat o la regi\u00f3 on es troba.<\/span><\/li><li style=\"font-weight: 400;\" aria-level=\"1\"><span style=\"font-weight: 400;\">An\u00e0lisi de lloc: utilitzem cookies per recopilar informaci\u00f3 sobre com utilitza el nostre lloc web, com les p\u00e0gines que visita m\u00e9s sovint i si experimenta algun problema en navegar pel lloc.<\/span><\/li><li style=\"font-weight: 400;\" aria-level=\"1\"><span style=\"font-weight: 400;\">Publicitat personalitzada: podem utilitzar cookies per mostrar anuncis personalitzats basats en la vostra navegaci\u00f3 al nostre lloc web i en altres llocs web.<\/span><\/li><li style=\"font-weight: 400;\" aria-level=\"1\"><span style=\"font-weight: 400;\">Millora dels nostres serveis: utilitzem cookies per millorar els nostres serveis i per garantir que el nostre lloc web i els nostres serveis siguin efica\u00e7os i segurs.<\/span><\/li><\/ul><p><b>Cookies de tercers<\/b><\/p><p><span style=\"font-weight: 400;\">\u00c9s possible que el nostre lloc web inclogui contingut i serveis proporcionats per tercers, com ara serveis d'an\u00e0lisi i publicitat. Aquests tercers poden utilitzar cookies i altres tecnologies similars per recopilar informaci\u00f3 sobre el seu \u00fas del nostre lloc web i d'altres llocs web.<\/span><\/p><p><b>Control de cookies<\/b><\/p><p><span style=\"font-weight: 400;\">Els usuaris poden controlar l'\u00fas de cookies al nostre lloc web a trav\u00e9s de la configuraci\u00f3 del vostre navegador. Si no voleu que s'emmagatzemin cookies al vostre ordinador o dispositiu m\u00f2bil, podeu ajustar la configuraci\u00f3 del vostre navegador perqu\u00e8 rebutgi totes les cookies o perqu\u00e8 us avisi quan s'envi\u00ef una cookie. Tingueu en compte que el bloqueig de les cookies pot afectar la funcionalitat del lloc web.<\/span><\/p><p><b>Canvis en la nostra pol\u00edtica de cookies<\/b><\/p><p><span style=\"font-weight: 400;\">Ens reservem el dret de modificar aquesta pol\u00edtica de cookies en qualsevol moment. La versi\u00f3 m\u00e9s recent de la pol\u00edtica de cookies sempre estar\u00e0 disponible al nostre lloc web.<\/span><\/p>\t\t\t\t\t\t\t\t<\/div>\n\t\t\t\t<\/div>\n\t\t\t\t<div class=\"elementor-element elementor-element-f5a4754 elementor-widget elementor-widget-heading\" data-id=\"f5a4754\" data-element_type=\"widget\" data-e-type=\"widget\" data-widget_type=\"heading.default\">\n\t\t\t\t<div class=\"elementor-widget-container\">\n\t\t\t\t\t<h2 class=\"elementor-heading-title elementor-size-default\">Av\u00eds legal de XERPA STUDIO SL <\/h2>\t\t\t\t<\/div>\n\t\t\t\t<\/div>\n\t\t\t\t<div class=\"elementor-element elementor-element-a9cdf60 elementor-widget__width-initial elementor-widget elementor-widget-text-editor\" data-id=\"a9cdf60\" data-element_type=\"widget\" data-e-type=\"widget\" data-widget_type=\"text-editor.default\">\n\t\t\t\t<div class=\"elementor-widget-container\">\n\t\t\t\t\t\t\t\t\t<p><span style=\"font-weight: 400;\">Aquest av\u00eds legal regula l'acc\u00e9s i l'\u00fas del lloc web www.xerpastudio.com (d'ara endavant, \"el Lloc\"), propietat de XERPA STUDIO SL (d'ara endavant, \"l'Empresa\"), amb NIF B44871101 i domicili social a Doctor Fleming , 18, casa 1 (Vilassar de Mar). En accedir al Lloc, l'usuari accepta els termes i les condicions establerts en aquest av\u00eds legal.<\/span><\/p><p><b>Propietat Intel\u00b7lectual i Industrial<\/b><\/p><p><span style=\"font-weight: 400;\">El contingut del Lloc, incloent-hi, per\u00f2 no limitant-se a, els textos, imatges, gr\u00e0fics, programari, dissenys, bases de dades, marques, logotips, noms comercials i qualsevol altre element susceptible de protecci\u00f3 per la legislaci\u00f3 de propietat intel\u00b7lectual i industrial, s\u00f3n propietat exclusiva de l'Empresa o de tercers que n'han autoritzat l'\u00fas a l'Empresa. La reproducci\u00f3, distribuci\u00f3, comunicaci\u00f3 p\u00fablica, transformaci\u00f3 o qualsevol altra forma d'explotaci\u00f3 dels continguts del Lloc sense l'autoritzaci\u00f3 expressa de l'Empresa estan prohibides.<\/span><\/p><p><b>Responsabilitat de l'usuari<\/b><\/p><p><span style=\"font-weight: 400;\">L'usuari es compromet a utilitzar el Lloc d'acord amb la llei, la moral, els bons costums i l'ordre p\u00fablic, aix\u00ed com amb all\u00f2 establert en aquest av\u00eds legal. L'usuari s'obliga a fer un \u00fas adequat del Lloc i a no fer-lo servir per a activitats il\u00b7l\u00edcites o que infringeixin els drets de l'Empresa o de tercers.<\/span><\/p><p><b>Exclusi\u00f3 de garanties i responsabilitat<\/b><\/p><p><span style=\"font-weight: 400;\">L'Empresa no garanteix la disponibilitat i continu\u00eftat del Lloc ni es responsabilitza dels danys i perjudicis que puguin derivar-se de la manca de disponibilitat o accessibilitat al Lloc. L'Empresa no es fa responsable dels continguts, productes o serveis enlla\u00e7ats des del Lloc, ni dels danys i perjudicis que puguin derivar-se de la utilitzaci\u00f3 dels continguts, productes o serveis esmentats.<\/span><\/p><p><b>Modificacions i actualitzacions<\/b><\/p><p><span style=\"font-weight: 400;\">L'Empresa es reserva el dret a modificar, en qualsevol moment i sense necessitat de previ av\u00eds, la informaci\u00f3 continguda al Lloc, aix\u00ed com la configuraci\u00f3 i presentaci\u00f3 del mateix. L'Empresa no garanteix l'actualitzaci\u00f3 i l'exactitud de la informaci\u00f3 continguda al Lloc.<\/span><\/p><p><b>Legislaci\u00f3 aplicable i jurisdicci\u00f3<\/b><\/p><p><span style=\"font-weight: 400;\">Aquest av\u00eds legal s'ha de regir i interpretar d'acord amb la legislaci\u00f3 espanyola. Per a qualsevol controv\u00e8rsia que pogu\u00e9s derivar-se de l'acc\u00e9s o \u00fas del Lloc, les dues parts se sotmeten als jutjats i tribunals de Barcelona (Espanya), renunciant a qualsevol altre fur que els pogu\u00e9s correspondre.<\/span><\/p>\t\t\t\t\t\t\t\t<\/div>\n\t\t\t\t<\/div>\n\t\t\t\t<div class=\"elementor-element elementor-element-f9e2617 elementor-widget elementor-widget-spacer\" data-id=\"f9e2617\" data-element_type=\"widget\" data-e-type=\"widget\" data-widget_type=\"spacer.default\">\n\t\t\t\t<div class=\"elementor-widget-container\">\n\t\t\t\t\t\t\t<div class=\"elementor-spacer\">\n\t\t\t<div class=\"elementor-spacer-inner\"><\/div>\n\t\t<\/div>\n\t\t\t\t\t\t<\/div>\n\t\t\t\t<\/div>\n\t\t\t\t\t<\/div>\n\t\t<\/div>\n\t\t\t\t\t<\/div>\n\t\t<\/section>\n\t\t\t\t<\/div>","protected":false},"excerpt":{"rendered":"<p>Pol\u00edtica de Cookies de XERPA STUDIO SL En XERPA STUDIO SL estamos comprometidos con la privacidad y la seguridad de nuestros clientes y usuarios en l\u00ednea. En esta pol\u00edtica de cookies, explicamos c\u00f3mo utilizamos las cookies y otras tecnolog\u00edas similares en nuestro sitio web www.xerpastudio.com (en adelante, \u00abel Sitio\u00bb) y c\u00f3mo los usuarios pueden controlar [&hellip;]<\/p>\n","protected":false},"author":654,"featured_media":0,"parent":0,"menu_order":0,"comment_status":"closed","ping_status":"closed","template":"","meta":{"footnotes":""},"class_list":["post-927","page","type-page","status-publish","hentry"],"yoast_head":"<!-- This site is optimized with the Yoast SEO plugin v27.0 - https:\/\/yoast.com\/product\/yoast-seo-wordpress\/ -->\n<title>POLITICA DE COOKIES - xerpastudio<\/title>\n<meta name=\"robots\" content=\"index, follow, max-snippet:-1, max-image-preview:large, max-video-preview:-1\" \/>\n<link rel=\"canonical\" href=\"https:\/\/xerpastudio.com\/cat\/politica-de-cookies\/\" \/>\n<meta property=\"og:locale\" content=\"ca_ES\" \/>\n<meta property=\"og:type\" content=\"article\" \/>\n<meta property=\"og:title\" content=\"POLITICA DE COOKIES - xerpastudio\" \/>\n<meta property=\"og:description\" content=\"Pol\u00edtica de Cookies de XERPA STUDIO SL En XERPA STUDIO SL estamos comprometidos con la privacidad y la seguridad de nuestros clientes y usuarios en l\u00ednea. En esta pol\u00edtica de cookies, explicamos c\u00f3mo utilizamos las cookies y otras tecnolog\u00edas similares en nuestro sitio web www.xerpastudio.com (en adelante, \u00abel Sitio\u00bb) y c\u00f3mo los usuarios pueden controlar [&hellip;]\" \/>\n<meta property=\"og:url\" content=\"https:\/\/xerpastudio.com\/cat\/politica-de-cookies\/\" \/>\n<meta property=\"og:site_name\" content=\"xerpastudio\" \/>\n<meta property=\"article:modified_time\" content=\"2023-03-26T13:05:38+00:00\" \/>\n<meta name=\"twitter:card\" content=\"summary_large_image\" \/>\n<meta name=\"twitter:label1\" content=\"Temps estimat de lectura\" \/>\n\t<meta name=\"twitter:data1\" content=\"4 minuts\" \/>\n<script type=\"application\/ld+json\" class=\"yoast-schema-graph\">{\"@context\":\"https:\/\/schema.org\",\"@graph\":[{\"@type\":\"WebPage\",\"@id\":\"https:\/\/xerpastudio.com\/politica-de-cookies\/\",\"url\":\"https:\/\/xerpastudio.com\/politica-de-cookies\/\",\"name\":\"POLITICA DE COOKIES - xerpastudio\",\"isPartOf\":{\"@id\":\"https:\/\/xerpastudio.com\/#website\"},\"datePublished\":\"2023-03-26T12:27:57+00:00\",\"dateModified\":\"2023-03-26T13:05:38+00:00\",\"breadcrumb\":{\"@id\":\"https:\/\/xerpastudio.com\/politica-de-cookies\/#breadcrumb\"},\"inLanguage\":\"ca\",\"potentialAction\":[{\"@type\":\"ReadAction\",\"target\":[\"https:\/\/xerpastudio.com\/politica-de-cookies\/\"]}]},{\"@type\":\"BreadcrumbList\",\"@id\":\"https:\/\/xerpastudio.com\/politica-de-cookies\/#breadcrumb\",\"itemListElement\":[{\"@type\":\"ListItem\",\"position\":1,\"name\":\"Home\",\"item\":\"https:\/\/xerpastudio.com\/\"},{\"@type\":\"ListItem\",\"position\":2,\"name\":\"POLITICA DE COOKIES\"}]},{\"@type\":\"WebSite\",\"@id\":\"https:\/\/xerpastudio.com\/#website\",\"url\":\"https:\/\/xerpastudio.com\/\",\"name\":\"xerpastudio\",\"description\":\"SPORTS &amp; CORPORATE COMMS\",\"publisher\":{\"@id\":\"https:\/\/xerpastudio.com\/#organization\"},\"potentialAction\":[{\"@type\":\"SearchAction\",\"target\":{\"@type\":\"EntryPoint\",\"urlTemplate\":\"https:\/\/xerpastudio.com\/?s={search_term_string}\"},\"query-input\":{\"@type\":\"PropertyValueSpecification\",\"valueRequired\":true,\"valueName\":\"search_term_string\"}}],\"inLanguage\":\"ca\"},{\"@type\":\"Organization\",\"@id\":\"https:\/\/xerpastudio.com\/#organization\",\"name\":\"XERPA STUDIO\",\"url\":\"https:\/\/xerpastudio.com\/\",\"logo\":{\"@type\":\"ImageObject\",\"inLanguage\":\"ca\",\"@id\":\"https:\/\/xerpastudio.com\/#\/schema\/logo\/image\/\",\"url\":\"https:\/\/xerpastudio.com\/wp-content\/uploads\/2023\/02\/xerpa1-white-final.png\",\"contentUrl\":\"https:\/\/xerpastudio.com\/wp-content\/uploads\/2023\/02\/xerpa1-white-final.png\",\"width\":910,\"height\":280,\"caption\":\"XERPA STUDIO\"},\"image\":{\"@id\":\"https:\/\/xerpastudio.com\/#\/schema\/logo\/image\/\"},\"sameAs\":[\"https:\/\/instagram.com\/xerpastudio\"]}]}<\/script>\n<!-- \/ Yoast SEO plugin. -->","yoast_head_json":{"title":"POLITICA DE COOKIES - xerpastudio","robots":{"index":"index","follow":"follow","max-snippet":"max-snippet:-1","max-image-preview":"max-image-preview:large","max-video-preview":"max-video-preview:-1"},"canonical":"https:\/\/xerpastudio.com\/cat\/politica-de-cookies\/","og_locale":"ca_ES","og_type":"article","og_title":"POLITICA DE COOKIES - xerpastudio","og_description":"Pol\u00edtica de Cookies de XERPA STUDIO SL En XERPA STUDIO SL estamos comprometidos con la privacidad y la seguridad de nuestros clientes y usuarios en l\u00ednea. En esta pol\u00edtica de cookies, explicamos c\u00f3mo utilizamos las cookies y otras tecnolog\u00edas similares en nuestro sitio web www.xerpastudio.com (en adelante, \u00abel Sitio\u00bb) y c\u00f3mo los usuarios pueden controlar [&hellip;]","og_url":"https:\/\/xerpastudio.com\/cat\/politica-de-cookies\/","og_site_name":"xerpastudio","article_modified_time":"2023-03-26T13:05:38+00:00","twitter_card":"summary_large_image","twitter_misc":{"Temps estimat de lectura":"4 minuts"},"schema":{"@context":"https:\/\/schema.org","@graph":[{"@type":"WebPage","@id":"https:\/\/xerpastudio.com\/politica-de-cookies\/","url":"https:\/\/xerpastudio.com\/politica-de-cookies\/","name":"POLITICA DE COOKIES - xerpastudio","isPartOf":{"@id":"https:\/\/xerpastudio.com\/#website"},"datePublished":"2023-03-26T12:27:57+00:00","dateModified":"2023-03-26T13:05:38+00:00","breadcrumb":{"@id":"https:\/\/xerpastudio.com\/politica-de-cookies\/#breadcrumb"},"inLanguage":"ca","potentialAction":[{"@type":"ReadAction","target":["https:\/\/xerpastudio.com\/politica-de-cookies\/"]}]},{"@type":"BreadcrumbList","@id":"https:\/\/xerpastudio.com\/politica-de-cookies\/#breadcrumb","itemListElement":[{"@type":"ListItem","position":1,"name":"Home","item":"https:\/\/xerpastudio.com\/"},{"@type":"ListItem","position":2,"name":"POLITICA DE COOKIES"}]},{"@type":"WebSite","@id":"https:\/\/xerpastudio.com\/#website","url":"https:\/\/xerpastudio.com\/","name":"xerpastudio","description":"SPORTS &amp; CORPORATE COMMS","publisher":{"@id":"https:\/\/xerpastudio.com\/#organization"},"potentialAction":[{"@type":"SearchAction","target":{"@type":"EntryPoint","urlTemplate":"https:\/\/xerpastudio.com\/?s={search_term_string}"},"query-input":{"@type":"PropertyValueSpecification","valueRequired":true,"valueName":"search_term_string"}}],"inLanguage":"ca"},{"@type":"Organization","@id":"https:\/\/xerpastudio.com\/#organization","name":"XERPA STUDIO","url":"https:\/\/xerpastudio.com\/","logo":{"@type":"ImageObject","inLanguage":"ca","@id":"https:\/\/xerpastudio.com\/#\/schema\/logo\/image\/","url":"https:\/\/xerpastudio.com\/wp-content\/uploads\/2023\/02\/xerpa1-white-final.png","contentUrl":"https:\/\/xerpastudio.com\/wp-content\/uploads\/2023\/02\/xerpa1-white-final.png","width":910,"height":280,"caption":"XERPA STUDIO"},"image":{"@id":"https:\/\/xerpastudio.com\/#\/schema\/logo\/image\/"},"sameAs":["https:\/\/instagram.com\/xerpastudio"]}]}},"_links":{"self":[{"href":"https:\/\/xerpastudio.com\/cat\/wp-json\/wp\/v2\/pages\/927","targetHints":{"allow":["GET"]}}],"collection":[{"href":"https:\/\/xerpastudio.com\/cat\/wp-json\/wp\/v2\/pages"}],"about":[{"href":"https:\/\/xerpastudio.com\/cat\/wp-json\/wp\/v2\/types\/page"}],"author":[{"embeddable":true,"href":"https:\/\/xerpastudio.com\/cat\/wp-json\/wp\/v2\/users\/654"}],"replies":[{"embeddable":true,"href":"https:\/\/xerpastudio.com\/cat\/wp-json\/wp\/v2\/comments?post=927"}],"version-history":[{"count":10,"href":"https:\/\/xerpastudio.com\/cat\/wp-json\/wp\/v2\/pages\/927\/revisions"}],"predecessor-version":[{"id":949,"href":"https:\/\/xerpastudio.com\/cat\/wp-json\/wp\/v2\/pages\/927\/revisions\/949"}],"wp:attachment":[{"href":"https:\/\/xerpastudio.com\/cat\/wp-json\/wp\/v2\/media?parent=927"}],"curies":[{"name":"wp","href":"https:\/\/api.w.org\/{rel}","templated":true}]}}